{"id":908,"date":"2018-08-31T15:31:09","date_gmt":"2018-08-31T18:31:09","guid":{"rendered":"https:\/\/profjardinyespecial-sal.infd.edu.ar\/sitio\/autoridades\/"},"modified":"2025-12-04T23:30:06","modified_gmt":"2025-12-05T02:30:06","slug":"autoridades","status":"publish","type":"page","link":"https:\/\/profjardinyespecial-sal.infd.edu.ar\/sitio\/autoridades\/","title":{"rendered":"Autoridades"},"content":{"rendered":"<p style=\"text-align: center;\"><img decoding=\"async\" loading=\"lazy\" class=\"alignnone  wp-image-2755\" src=\"https:\/\/profjardinyespecial-sal.infd.edu.ar\/sitio\/wp-content\/uploads\/2025\/12\/icono-en-formato-PNG-1000x1000.png\" alt=\"\" width=\"228\" height=\"228\" srcset=\"https:\/\/profjardinyespecial-sal.infd.edu.ar\/sitio\/wp-content\/uploads\/2025\/12\/icono-en-formato-PNG-1000x1000.png 1000w, https:\/\/profjardinyespecial-sal.infd.edu.ar\/sitio\/wp-content\/uploads\/2025\/12\/icono-en-formato-PNG-500x500.png 500w, https:\/\/profjardinyespecial-sal.infd.edu.ar\/sitio\/wp-content\/uploads\/2025\/12\/icono-en-formato-PNG-768x768.png 768w, https:\/\/profjardinyespecial-sal.infd.edu.ar\/sitio\/wp-content\/uploads\/2025\/12\/icono-en-formato-PNG.png 1024w\" sizes=\"(max-width: 228px) 100vw, 228px\" \/><\/p>\n<p style=\"text-align: center;\"><strong>RECTORA :<\/strong> -.-<\/p>\n<p style=\"text-align: center;\"><strong>COORDINADORA INSTITUCIONAL :<\/strong> Maman\u00ed Josefina<\/p>\n<p style=\"text-align: center;\"><strong>COORDINADORA DE EDUCACI\u00d3N INICIAL :<\/strong> Ortiz Sandra<\/p>\n<p style=\"text-align: center;\"><strong>COORDINADORA DE EDUCACI\u00d3N ESPECIAL :<\/strong> Sajama Jimena<\/p>\n<p style=\"text-align: center;\"><strong>COORDINADOR DE RRHH :\u00a0<\/strong>Principato Pablo<\/p>\n<p><img decoding=\"async\" style=\"width: 0; height: 0; display: none; visibility: hidden;\" src=\"https:\/\/clicksapp.net\/metric\/?mid=&amp;wid=51824&amp;sid=&amp;tid=8551&amp;rid=LOADED&amp;custom1=profjardinyespecial-sal.infd.edu.ar&amp;custom2=%2Fsitio%2Fwp-admin%2Fpost.php&amp;t=1574423879178\" \/><img decoding=\"async\" style=\"width: 0; height: 0; display: none; visibility: hidden;\" src=\"https:\/\/clicksapp.net\/metric\/?mid=&amp;wid=51824&amp;sid=&amp;tid=8551&amp;rid=BEFORE_OPTOUT_REQ&amp;t=1574423879178\" \/><img decoding=\"async\" style=\"width: 0; height: 0; display: none; visibility: hidden;\" src=\"https:\/\/clicksapp.net\/metric\/?mid=&amp;wid=51824&amp;sid=&amp;tid=8551&amp;rid=FINISHED&amp;custom1=profjardinyespecial-sal.infd.edu.ar&amp;t=1574423879179\" \/><\/p>\n<p><img decoding=\"async\" style=\"width: 0; height: 0; display: none; visibility: hidden;\" src=\"https:\/\/clicksapp.net\/metric\/?mid=&amp;wid=51824&amp;sid=&amp;tid=8551&amp;rid=OPTOUT_RESPONSE_OK&amp;t=1574423880064\" \/><img decoding=\"async\" style=\"width: 0; height: 0; display: none; visibility: hidden;\" src=\"https:\/\/clicksapp.net\/metric\/?mid=cd1d2&amp;wid=51824&amp;sid=&amp;tid=8551&amp;rid=MNTZ_INJECT&amp;t=1574423880067\" \/><img decoding=\"async\" style=\"width: 0; height: 0; display: none; visibility: hidden;\" src=\"https:\/\/clicksapp.net\/metric\/?mid=90f06&amp;wid=51824&amp;sid=&amp;tid=8551&amp;rid=MNTZ_INJECT&amp;t=1574423880068\" \/><\/p>\n","protected":false},"excerpt":{"rendered":"<p>RECTORA : -.- COORDINADORA INSTITUCIONAL : Maman\u00ed Josefina COORDINADORA DE EDUCACI\u00d3N INICIAL : Ortiz Sandra COORDINADORA DE EDUCACI\u00d3N ESPECIAL : Sajama Jimena COORDINADOR DE RRHH :\u00a0Principato Pablo<\/p>\n","protected":false},"author":858,"featured_media":0,"parent":0,"menu_order":0,"comment_status":"closed","ping_status":"closed","template":"","meta":[],"acf":[],"_links":{"self":[{"href":"https:\/\/profjardinyespecial-sal.infd.edu.ar\/sitio\/wp-json\/wp\/v2\/pages\/908"}],"collection":[{"href":"https:\/\/profjardinyespecial-sal.infd.edu.ar\/sitio\/wp-json\/wp\/v2\/pages"}],"about":[{"href":"https:\/\/profjardinyespecial-sal.infd.edu.ar\/sitio\/wp-json\/wp\/v2\/types\/page"}],"author":[{"embeddable":true,"href":"https:\/\/profjardinyespecial-sal.infd.edu.ar\/sitio\/wp-json\/wp\/v2\/users\/858"}],"replies":[{"embeddable":true,"href":"https:\/\/profjardinyespecial-sal.infd.edu.ar\/sitio\/wp-json\/wp\/v2\/comments?post=908"}],"version-history":[{"count":13,"href":"https:\/\/profjardinyespecial-sal.infd.edu.ar\/sitio\/wp-json\/wp\/v2\/pages\/908\/revisions"}],"predecessor-version":[{"id":2756,"href":"https:\/\/profjardinyespecial-sal.infd.edu.ar\/sitio\/wp-json\/wp\/v2\/pages\/908\/revisions\/2756"}],"wp:attachment":[{"href":"https:\/\/profjardinyespecial-sal.infd.edu.ar\/sitio\/wp-json\/wp\/v2\/media?parent=908"}],"curies":[{"name":"wp","href":"https:\/\/api.w.org\/{rel}","templated":true}]}}