{"id":895,"date":"2018-08-31T15:31:04","date_gmt":"2018-08-31T18:31:04","guid":{"rendered":"https:\/\/profjardinyespecial-sal.infd.edu.ar\/sitio\/seccion-alumnos\/"},"modified":"2025-12-04T23:10:41","modified_gmt":"2025-12-05T02:10:41","slug":"seccion-alumnos","status":"publish","type":"page","link":"https:\/\/profjardinyespecial-sal.infd.edu.ar\/sitio\/seccion-alumnos\/","title":{"rendered":"Alumnos"},"content":{"rendered":"<p>&nbsp;<\/p>\n<p style=\"text-align: center;\">\u00a0<\/p>\n<p><a href=\"https:\/\/becasprogresar.educacion.gob.ar\" target=\"_blank\" rel=\"https:\/\/becasprogresar.educacion.gob.ar\/ noopener\"><img decoding=\"async\" loading=\"lazy\" class=\"aligncenter wp-image-1198 size-full\" src=\"https:\/\/profjardinyespecial-sal.infd.edu.ar\/sitio\/wp-content\/uploads\/2020\/02\/Beca.png\" alt=\"\" width=\"300\" height=\"168\" \/><\/a><\/p>\n<section>\n<p>&nbsp;<\/p>\n<\/section>\n<h2 style=\"text-align: center;\"><strong>PROGRAMACI\u00d3N Y ROB\u00d3TICA EN NIVEL INICIAL<\/strong><\/h2>\n<p><img decoding=\"async\" loading=\"lazy\" class=\"size-full wp-image-1030 aligncenter\" src=\"https:\/\/profjardinyespecial-sal.infd.edu.ar\/sitio\/wp-content\/uploads\/2019\/10\/ProgramarRobotica.jpg\" alt=\"\" width=\"275\" height=\"183\" \/><\/p>\n<p style=\"text-align: center;\">Recursos Ingrese <a href=\"https:\/\/drive.google.com\/drive\/folders\/1qgfwp9MfExKThY0_kyrCBkffISyzX-jx?usp=sharing\">Aqu\u00ed<\/a><\/p>\n<p>&nbsp;<\/p>\n<p>&nbsp;<\/p>\n<p>&nbsp;<\/p>\n<p><strong><u>QUERIDOS ALUMNOS LA BIBLIOTECA DEL IFD 6006 LOS INVITA A QUE DESCUBRAN TODO LO QUE DISPONE PARA USTEDES<\/u><\/strong><\/p>\n<p><u>\u00a0<\/u><\/p>\n<p>CONTAMOS CON UN IMPORTANTE STOCK DE MATERIAL ESPEC\u00cdFICO PARA LAS CARRERAS EDUCACION INICIAL, EDUCACION ESPECIAL Y TECNICATURA EN RECURSOS HUMANOS:<\/p>\n<ul>\n<li><strong>LITERATURA INFANTIL Y JUVENIL<\/strong> DE AUTORES NACIONALES Y EXTRANJEROS: JULIO CORTAZAR, JUAN GELMAN, HAROLDO CONTI, EDUARDO GALEANO, JORGE ABELARDO RAMOS, RODOLFO PUIGGROS, RAUL SCALABRINI ORTIZ, QUINO, MAFALDA, MARIA ELENA WALSH, BEATRIZ FERRO, ANTHONY BROWNE Y MUCHOS MAS.<\/li>\n<\/ul>\n<p>&nbsp;<\/p>\n<ul>\n<li><strong>MATERIAL DID\u00c1CTICO<\/strong> JUEGOS DIDACTICOS, ROMPECABEZAS, MINI MOLDES, MEMOTEST,\u00a0 LETRAS, N\u00daMEROS, LUDOTECAS PARA NI\u00d1OS DE 0 A 2 A\u00d1OS.<\/li>\n<\/ul>\n<p>&nbsp;<\/p>\n<ul>\n<li><strong>MAPOTECA <\/strong>MAPAS, LAMINAS, ROTAFOLIOS, CUERPO HUMANO TRIDIMENSIONAL<\/li>\n<\/ul>\n<p>&nbsp;<\/p>\n<ul>\n<li><strong>REVISTAS <\/strong>(NOVEDADES EDUCATIVAS Y CIENCIA HOY)<\/li>\n<\/ul>\n<p>&nbsp;<\/p>\n<ul>\n<li><strong>TABLAS BRAILE Y BASTONES<\/strong><\/li>\n<\/ul>\n<p>&nbsp;<\/p>\n<ul>\n<li><strong>MATERIAL DE MUCHAS AREAS DEL CONOCIMIENTO <\/strong>DICCIONARIOS, ENCICLOPEDIAS, DISE\u00d1OS CURRICULARES DE INICIAL Y PRIMARIA, CONSTITUCIONES (NACIONAL Y PROVINCIAL) LIBROS DE MATEMATICA, LENGUA, LITERATURA, HISTORIA, POLITICA, DERECHO, PSICOLOGIA, BIOLOGIA, NEUROLOGIA, MEDICINA, CIENCIAS SOCIALES, DIDACTICA, ECONOMIA, EFEMERIDES, FILOSOFIA, GEOGRAFIA, MUSICA, PEDAGOGIA, POESIA, QUIMICA, EDUCACION SEXUAL INTEGRAL, RELIGION Y M\u00c1S.<\/li>\n<\/ul>\n<p>&nbsp;<\/p>\n<p><strong><u>NOVEDADES<\/u>:<\/strong><\/p>\n<p><strong>\u00a0<\/strong><\/p>\n<ul>\n<li><strong>LLEGARON MANUALES DE PRIMARIA \u201cSALTA ENSE\u00d1A SALTA APRENDE\u201d DE PRIMERO, SEGUNDO, TERCERO, CUARTO, QUINTO, SEXTO Y SEPTIMO GRADO.<\/strong><\/li>\n<li><strong>LIBRO 1\u00aa ed. DE \u201cNEUROCIENCIAS Y EDUCACION INICIAL\u201d DE FRANKLIN MARTINEZ MENDOZA.<\/strong><\/li>\n<li><strong>LIBRO 1\u00aa ed. \u201cINFANCIAS EN FOCO\u201d DE MAYRA SANCHEZ.<\/strong><\/li>\n<li><strong>LIBRO 1\u00aa ed. \u201cALFABETIZACI\u00d3N NUM\u00c9RICA INICIAL\u201d DE ANA MAR\u00cdA BRESSAN<\/strong><\/li>\n<\/ul>\n<p>&nbsp;<\/p>\n<p><strong>\u00a1TE ESPERAMOS EN LA BIBLIOTECA PARA AYUDARTE Y BRINDARTE NUESTRO SERVICIO!<\/strong><\/p>\n","protected":false},"excerpt":{"rendered":"<p>&nbsp; \u00a0 &nbsp; PROGRAMACI\u00d3N Y ROB\u00d3TICA EN NIVEL INICIAL Recursos Ingrese Aqu\u00ed &nbsp; &nbsp; &nbsp; QUERIDOS ALUMNOS LA BIBLIOTECA DEL IFD 6006 LOS INVITA A QUE DESCUBRAN TODO LO QUE DISPONE PARA USTEDES \u00a0 CONTAMOS CON UN IMPORTANTE STOCK DE MATERIAL ESPEC\u00cdFICO PARA LAS CARRERAS EDUCACION INICIAL, EDUCACION ESPECIAL Y TECNICATURA EN RECURSOS HUMANOS: LITERATURA &#8230; <a title=\"Alumnos\" class=\"read-more\" href=\"https:\/\/profjardinyespecial-sal.infd.edu.ar\/sitio\/seccion-alumnos\/\" aria-label=\"More on Alumnos\">[+]<\/a><\/p>\n","protected":false},"author":858,"featured_media":0,"parent":0,"menu_order":0,"comment_status":"closed","ping_status":"closed","template":"","meta":[],"acf":[],"_links":{"self":[{"href":"https:\/\/profjardinyespecial-sal.infd.edu.ar\/sitio\/wp-json\/wp\/v2\/pages\/895"}],"collection":[{"href":"https:\/\/profjardinyespecial-sal.infd.edu.ar\/sitio\/wp-json\/wp\/v2\/pages"}],"about":[{"href":"https:\/\/profjardinyespecial-sal.infd.edu.ar\/sitio\/wp-json\/wp\/v2\/types\/page"}],"author":[{"embeddable":true,"href":"https:\/\/profjardinyespecial-sal.infd.edu.ar\/sitio\/wp-json\/wp\/v2\/users\/858"}],"replies":[{"embeddable":true,"href":"https:\/\/profjardinyespecial-sal.infd.edu.ar\/sitio\/wp-json\/wp\/v2\/comments?post=895"}],"version-history":[{"count":22,"href":"https:\/\/profjardinyespecial-sal.infd.edu.ar\/sitio\/wp-json\/wp\/v2\/pages\/895\/revisions"}],"predecessor-version":[{"id":2747,"href":"https:\/\/profjardinyespecial-sal.infd.edu.ar\/sitio\/wp-json\/wp\/v2\/pages\/895\/revisions\/2747"}],"wp:attachment":[{"href":"https:\/\/profjardinyespecial-sal.infd.edu.ar\/sitio\/wp-json\/wp\/v2\/media?parent=895"}],"curies":[{"name":"wp","href":"https:\/\/api.w.org\/{rel}","templated":true}]}}