{"id":893,"date":"2018-08-31T15:31:03","date_gmt":"2018-08-31T18:31:03","guid":{"rendered":"https:\/\/profjardinyespecial-sal.infd.edu.ar\/sitio\/examenes-2018-2019\/"},"modified":"2025-12-05T12:46:29","modified_gmt":"2025-12-05T15:46:29","slug":"examenes2020","status":"publish","type":"page","link":"https:\/\/profjardinyespecial-sal.infd.edu.ar\/sitio\/examenes2020\/","title":{"rendered":"2026"},"content":{"rendered":"\n<figure class=\"wp-block-image size-full\"><img decoding=\"async\" loading=\"lazy\" width=\"110\" height=\"110\" src=\"https:\/\/profjardinyespecial-sal.infd.edu.ar\/sitio\/wp-content\/uploads\/2025\/12\/image-5.png\" alt=\"\" class=\"wp-image-2778\"\/><\/figure>\n\n\n\n<p><strong>Los enlaces al formulario de preinscripci\u00f3n estar\u00e1n disponibles en la p\u00e1gina<\/strong><\/p>\n\n\n\n<p><strong><a href=\"https:\/\/profjardinyespecial-sal.infd.edu.ar\/sitio\/\">Principal del IES6006.<\/a><\/strong><\/p>\n\n\n\n<p>Por favor, est\u00e9n atentos: la informaci\u00f3n estar\u00e1 claramente resaltada para que puedan acceder sin dificultad.<\/p>\n\n\n\n<p>No obstante, tengan presente de manera especial los siguientes pasos para completar la preinscripci\u00f3n:<\/p>\n\n\n\n<p>1. &nbsp;&nbsp;&nbsp;&nbsp;&nbsp;&nbsp;&nbsp;&nbsp;&nbsp; Complet\u00e1 el formulario con todos los datos solicitados.<\/p>\n\n\n\n<p>2. &nbsp;&nbsp;&nbsp;&nbsp;&nbsp;&nbsp;&nbsp;&nbsp;&nbsp; Revis\u00e1 la informaci\u00f3n antes de enviarlo.<\/p>\n\n\n\n<p>3. &nbsp;&nbsp;&nbsp;&nbsp;&nbsp;&nbsp;&nbsp;&nbsp;&nbsp; Una vez enviado, el formulario llegar\u00e1 autom\u00e1ticamente a tu correo electr\u00f3nico.<\/p>\n\n\n\n<p>4. &nbsp;&nbsp;&nbsp;&nbsp;&nbsp;&nbsp;&nbsp;&nbsp;&nbsp; Imprim\u00ed el formulario recibido.<\/p>\n\n\n\n<p>5. &nbsp;&nbsp;&nbsp;&nbsp;&nbsp;&nbsp;&nbsp;&nbsp;&nbsp; Present\u00e1 en la instituci\u00f3n la siguiente documentaci\u00f3n:<\/p>\n\n\n\n<p>\u2022 &nbsp;&nbsp;&nbsp;&nbsp;&nbsp;&nbsp;&nbsp;&nbsp;&nbsp;&nbsp; El formulario impreso.<\/p>\n\n\n\n<p>\u2022 &nbsp;&nbsp;&nbsp;&nbsp;&nbsp;&nbsp;&nbsp;&nbsp;&nbsp;&nbsp; Fotocopia del DNI actualizado (primera y segunda p\u00e1gina).<\/p>\n\n\n\n<figure class=\"wp-block-image size-full\"><img decoding=\"async\" loading=\"lazy\" width=\"96\" height=\"96\" src=\"https:\/\/profjardinyespecial-sal.infd.edu.ar\/sitio\/wp-content\/uploads\/2025\/12\/image-6.png\" alt=\"\" class=\"wp-image-2779\"\/><\/figure>\n\n\n\n<p><strong>RECORD\u00c1<\/strong><\/p>\n\n\n\n<p><strong>La preinscripci\u00f3n finaliza \u00fanicamente cuando entregas la documentaci\u00f3n en la instituci\u00f3n.<\/strong><\/p>\n","protected":false},"excerpt":{"rendered":"<p>Los enlaces al formulario de preinscripci\u00f3n estar\u00e1n disponibles en la p\u00e1gina Principal del IES6006. Por favor, est\u00e9n atentos: la informaci\u00f3n estar\u00e1 claramente resaltada para que puedan acceder sin dificultad. No obstante, tengan presente de manera especial los siguientes pasos para completar la preinscripci\u00f3n: 1. &nbsp;&nbsp;&nbsp;&nbsp;&nbsp;&nbsp;&nbsp;&nbsp;&nbsp; Complet\u00e1 el formulario con todos los datos solicitados. 2. &nbsp;&nbsp;&nbsp;&nbsp;&nbsp;&nbsp;&nbsp;&nbsp;&nbsp; &#8230; <a title=\"2026\" class=\"read-more\" href=\"https:\/\/profjardinyespecial-sal.infd.edu.ar\/sitio\/examenes2020\/\" aria-label=\"More on 2026\">[+]<\/a><\/p>\n","protected":false},"author":858,"featured_media":0,"parent":0,"menu_order":0,"comment_status":"closed","ping_status":"closed","template":"","meta":[],"acf":[],"_links":{"self":[{"href":"https:\/\/profjardinyespecial-sal.infd.edu.ar\/sitio\/wp-json\/wp\/v2\/pages\/893"}],"collection":[{"href":"https:\/\/profjardinyespecial-sal.infd.edu.ar\/sitio\/wp-json\/wp\/v2\/pages"}],"about":[{"href":"https:\/\/profjardinyespecial-sal.infd.edu.ar\/sitio\/wp-json\/wp\/v2\/types\/page"}],"author":[{"embeddable":true,"href":"https:\/\/profjardinyespecial-sal.infd.edu.ar\/sitio\/wp-json\/wp\/v2\/users\/858"}],"replies":[{"embeddable":true,"href":"https:\/\/profjardinyespecial-sal.infd.edu.ar\/sitio\/wp-json\/wp\/v2\/comments?post=893"}],"version-history":[{"count":121,"href":"https:\/\/profjardinyespecial-sal.infd.edu.ar\/sitio\/wp-json\/wp\/v2\/pages\/893\/revisions"}],"predecessor-version":[{"id":2780,"href":"https:\/\/profjardinyespecial-sal.infd.edu.ar\/sitio\/wp-json\/wp\/v2\/pages\/893\/revisions\/2780"}],"wp:attachment":[{"href":"https:\/\/profjardinyespecial-sal.infd.edu.ar\/sitio\/wp-json\/wp\/v2\/media?parent=893"}],"curies":[{"name":"wp","href":"https:\/\/api.w.org\/{rel}","templated":true}]}}