{"id":286,"date":"2016-10-31T13:17:59","date_gmt":"2016-10-31T16:17:59","guid":{"rendered":"https:\/\/profjardinyespecial-sal.infd.edu.ar\/sitio\/?page_id=286"},"modified":"2026-03-05T11:49:06","modified_gmt":"2026-03-05T14:49:06","slug":"inicio","status":"publish","type":"page","link":"https:\/\/profjardinyespecial-sal.infd.edu.ar\/sitio\/","title":{"rendered":"Inicio"},"content":{"rendered":"<h5 style=\"text-align: center;\"><div id=\"metaslider-id-1138\" style=\"width: 100%;\" class=\"ml-slider-3-33-0 metaslider metaslider-flex metaslider-1138 ml-slider ms-theme-default\" role=\"region\" aria-roledescription=\"Slideshow\" aria-label=\"Slideshow\">\n    <div id=\"metaslider_container_1138\">\n        <div id=\"metaslider_1138\" class=\"flexslider\">\n            <ul aria-live=\"polite\" class=\"slides\">\n                <li style=\"display: block; width: 100%;\" class=\"slide-1139 ms-image\" aria-roledescription=\"slide\" aria-label=\"slide-1139\"><img src=\"https:\/\/profjardinyespecial-sal.infd.edu.ar\/sitio\/wp-content\/uploads\/2019\/11\/1-1-800x327.jpg\" height=\"450\" width=\"1100\" alt=\"\" class=\"slider-1138 slide-1139\" title=\"cute kids with special needs playing with developing toys while sitting at the desk in daycare center\" \/><div class=\"caption-wrap\"><div class=\"caption\">IFD 6006 - PROFESORADO DE EDUCACI\u00d3N ESPECIAL.<\/div><\/div><\/li>\n                <li style=\"display: none; width: 100%;\" class=\"slide-1140 ms-image\" aria-roledescription=\"slide\" aria-label=\"slide-1140\"><img src=\"https:\/\/profjardinyespecial-sal.infd.edu.ar\/sitio\/wp-content\/uploads\/2019\/11\/3-1-900x368.jpg\" height=\"450\" width=\"1100\" alt=\"\" class=\"slider-1138 slide-1140\" title=\"3\" \/><div class=\"caption-wrap\"><div class=\"caption\">IFD 6006 - PROFESORADO DE EDUCACI\u00d3N INICIAL.<\/div><\/div><\/li>\n                <li style=\"display: none; width: 100%;\" class=\"slide-1141 ms-image\" aria-roledescription=\"slide\" aria-label=\"slide-1141\"><img src=\"https:\/\/profjardinyespecial-sal.infd.edu.ar\/sitio\/wp-content\/uploads\/2019\/11\/2-2-1030x421.jpg\" height=\"450\" width=\"1100\" alt=\"\" class=\"slider-1138 slide-1141\" title=\"2\" \/><div class=\"caption-wrap\"><div class=\"caption\">IES 6006 - TECNICATURA EN GESTI\u00d3N RRHH<\/div><\/div><\/li>\n            <\/ul>\n        <\/div>\n        \n    <\/div>\n<\/div><\/h5>\n<hr \/>\n<h2 style=\"text-align: center;\"><img decoding=\"async\" loading=\"lazy\" class=\"aligncenter wp-image-837 size-full\" src=\"https:\/\/profjardinyespecial-sal.infd.edu.ar\/sitio\/wp-content\/uploads\/2018\/08\/logo-del-prof.jpg\" alt=\"\" width=\"173\" height=\"212\" \/><\/h2>\n<hr \/>\n<p>&nbsp;<\/p>\n<h1 style=\"text-align: center;\">INGRESANTES 2026<\/h1>\n<p><strong><img decoding=\"async\" loading=\"lazy\" class=\"alignleft\" src=\"https:\/\/images.icon-icons.com\/9\/PNG\/256\/calendar_office_day_1474.png\" width=\"206\" height=\"206\" \/><\/strong><\/p>\n<p>&nbsp;<\/p>\n<h2 style=\"text-align: left;\"><strong>Inscripci\u00f3n presencial<\/strong><br \/>Fecha: <span style=\"color: #ff0000;\">06\/03\/2025<\/span><br \/>Hora: <span style=\"color: #ff0000;\">19:30<\/span><br \/>Lugar: 20 de Febrero 131 \u2013 Salta Capital<\/h2>\n<p>&nbsp;<\/p>\n<p style=\"text-align: center;\"><strong>Los aspirantes que figuran en los listados de aprobados deben <span style=\"color: #ff0000;\">descargar<\/span>, completar,<span style=\"color: #ff0000;\"> imprimir<\/span> y presentar la <\/strong><strong><span style=\"color: #ff0000;\">Ficha de Inscripci\u00f3n<\/span> correspondiente.<\/strong><\/p>\n<h3 style=\"text-align: center;\"><strong>(Descargar: <a href=\"https:\/\/profjardinyespecial-sal.infd.edu.ar\/sitio\/wp-content\/uploads\/2026\/03\/01-INCIAL-FICHA-2026.pdf\">Ficha Inicial<\/a> \u2013 <a href=\"https:\/\/profjardinyespecial-sal.infd.edu.ar\/sitio\/wp-content\/uploads\/2026\/03\/02-ESPECIAL-FICHA-2026.pdf\">Ficha Especial<\/a> \u2013 <a href=\"https:\/\/profjardinyespecial-sal.infd.edu.ar\/sitio\/wp-content\/uploads\/2026\/03\/03-RRHH-FICHA-2026.pdf\">Ficha RRHH<\/a>, seg\u00fan corresponda)<\/strong><\/h3>\n<p>&nbsp;<\/p>\n<p>&nbsp;<\/p>\n<h2 style=\"text-align: left;\"><strong>Documentaci\u00f3n a presentar junto con la Ficha de Inscripci\u00f3n<\/strong><\/h2>\n<h2 style=\"text-align: left;\"><strong><br \/><img decoding=\"async\" loading=\"lazy\" class=\"alignleft\" src=\"https:\/\/i.pinimg.com\/474x\/5e\/5a\/6f\/5e5a6f127fdbd080e6879dc552bedd98.jpg\" alt=\"Iconos gratuitos de Documentaci\u00f3n dise\u00f1ados por Freepik\" width=\"226\" height=\"226\" \/><\/strong><\/h2>\n<ol>\n<li>DNI Vigente (Fotocopia).<\/li>\n<li>Partida de Nacimiento Actualizada Legalizada (Fotocopia Autenticada).<\/li>\n<li>T\u00edtulo Secundario (Fotocopia Autenticada).<\/li>\n<li>Constancia de T\u00edtulo en Tr\u00e1mite (Original).<\/li>\n<li>Constancia de Finalizaci\u00f3n 5\u00b0 a\u00f1o (Original).<\/li>\n<li>Dos Fotos 4\u00d74.<\/li>\n<li>Apto F\u00edsico (Presentar hasta marzo-abril) &#8211; <a href=\"https:\/\/profjardinyespecial-sal.infd.edu.ar\/sitio\/wp-content\/uploads\/2025\/02\/Formulario-Apto-Fisico.pdf\">Descargar AptoFisico.pdf<\/a><\/li>\n<li>La Documentacion debe ser presentada en un Folio.<\/li>\n<\/ol>\n<p>&nbsp;<\/p>\n<p>&nbsp;<\/p>\n<p>&nbsp;<\/p>\n<p>&nbsp;<\/p>\n<hr \/>\n<p>&nbsp;<\/p>\n<h2 style=\"text-align: center;\">ATENCION<span style=\"color: #ff0000;\"> INGRESANTES<\/span> 2026<\/h2>\n<h2 style=\"text-align: center;\">A LAS CARRERAS DEL I.E.S N\u00b06006<\/h2>\n<p>&nbsp;<\/p>\n<p>A CONTINUACI\u00d3N, SE PUBLICAN LOS LISTADOS que por orden de m\u00e9rito\u00a0\u00a0 Obtuvieron el promedio requerido para\u00a0\u00a0 INGRESAR A LAS CARRERAS DE:<\/p>\n<ul>\n<li>PROFESORADO DE EDUCACI\u00d3N INICIAL (<a href=\"https:\/\/profjardinyespecial-sal.infd.edu.ar\/sitio\/wp-content\/uploads\/2026\/02\/INICIAL-MERITO.pdf\">Listado Orden de Merito<\/a> &#8211; <a href=\"https:\/\/profjardinyespecial-sal.infd.edu.ar\/sitio\/wp-content\/uploads\/2026\/02\/INICIAL-A-Z.pdf\">Orden A-Z<\/a>)<\/li>\n<li>PROFESORADO DE EDUCACI\u00d3N ESPECIAL (<a href=\"https:\/\/profjardinyespecial-sal.infd.edu.ar\/sitio\/wp-content\/uploads\/2026\/02\/ESPECIAL-MERITO.pdf\">Listado Orden de Merito<\/a> &#8211; <a href=\"https:\/\/profjardinyespecial-sal.infd.edu.ar\/sitio\/wp-content\/uploads\/2026\/02\/ESPECIAL-A-Z.pdf\">Orden A-Z<\/a>)<\/li>\n<li>TECNICATURA SUPERIOR EN GESTION DE LOS RECURSOS HUMANOS (<a href=\"https:\/\/profjardinyespecial-sal.infd.edu.ar\/sitio\/wp-content\/uploads\/2026\/02\/RRHH-MERITO.pdf\">Listado Orden de Merito<\/a> &#8211; <a href=\"https:\/\/profjardinyespecial-sal.infd.edu.ar\/sitio\/wp-content\/uploads\/2026\/02\/RRHH-A-Z.pdf\">Orden A-Z<\/a>)<\/li>\n<\/ul>\n<p>Se convoca a los mismos los d\u00edas martes 3 y mi\u00e9rcoles 4 de marzo a las 19:30hs en las instalaciones de la instituci\u00f3n, 20 de Febrero 131, a fin de tratar temas de su inter\u00e9s. Asistencia obligatoria.<\/p>\n<p>Atte.\u00a0<\/p>\n<p>Coordinadora Institucional Prof. Mamani Josefina<\/p>\n<p>&nbsp;<\/p>\n<p><strong><img decoding=\"async\" loading=\"lazy\" class=\"alignleft\" src=\"https:\/\/images.icon-icons.com\/9\/PNG\/256\/calendar_office_day_1474.png\" width=\"125\" height=\"125\" \/><\/strong><\/p>\n<p><strong>Fechas :<\/strong> Martes 3 y Mi\u00e9rcoles 4 de Marzo 2026.<\/p>\n<p><strong>Horario:<\/strong> 19:30hs<\/p>\n<p><strong>Lugar:<\/strong> 20 de Febrero 131 Salta.<\/p>\n<p>&nbsp;<\/p>\n<p><img decoding=\"async\" loading=\"lazy\" class=\"alignleft\" src=\"https:\/\/cdn-icons-png.flaticon.com\/512\/4331\/4331047.png\" alt=\"Obligatorio - Iconos gratis de se\u00f1alizaci\u00f3n\" width=\"69\" height=\"69\" \/><\/p>\n<p>&nbsp;<\/p>\n<p><span style=\"color: #ff0000;\"><strong>ASISTENCIA OBLIGATORIA<\/strong><\/span><\/p>\n<p>&nbsp;<\/p>\n<hr \/>\n<h2>\u00a0<\/h2>\n<h2 style=\"text-align: center;\">Estimados estudiantes de 2\u00b0 3\u00b0 y 4\u00b0 A\u00f1o de todas las Carreras<\/h2>\n<p>&nbsp;<\/p>\n<p>Atenci\u00f3n! Los alumnos que deben inscribirse a partir del 2do a\u00f1o de todas las carreras, recursantes y alumnos q solo deben rendir ex\u00e1menes finales para culminar carrera:<\/p>\n<p>&nbsp;<\/p>\n<p>&#x2714;&#xfe0f;Las inscripciones se realizaran los d\u00edas <strong>lunes 02 y martes 03 de marzo<\/strong> en el<strong> horario de 19:30 a 22:00hs<\/strong> en las instalaciones del terciario.<\/p>\n<p>&#x2714;&#xfe0f;Alumnos que ya se encuentran registrados en <strong>Sistema Takinqui<\/strong> dirijirse a las terminales habilitadas en preceptoria y sala de Inform\u00e1tica.<\/p>\n<p>&#x2714;&#xfe0f;Alumnos no registrados en el Sistema Takinqui deber\u00e1n completar el <strong>Formulario Online<\/strong> disponible desde el <strong>domingo 1 de marzo<\/strong> en la p\u00e1gina institucional y presentarlo impreso en la instituci\u00f3n.<\/p>\n<p>&nbsp;<\/p>\n<p>Ante cualquier consulta, por favor, dirigirse a la instituci\u00f3n.<\/p>\n<p>&nbsp;<\/p>\n<p>CORDIALMENTE<\/p>\n<p>Coordinadora Institucional Prof. Mamani Josefina<\/p>\n<p style=\"text-align: center;\">FORMULARIOS\u00a0<\/p>\n<p style=\"text-align: center;\">(Estudiantes de 2\u00b0 3\u00b0 y 4\u00b0 <span style=\"color: #ff0000;\"><strong>NO REGISTRADOS<\/strong><\/span> <strong>Sistema Takinqui<\/strong> )<\/p>\n<p style=\"text-align: center;\"><a href=\"https:\/\/docs.google.com\/forms\/d\/e\/1FAIpQLSc6eNX29CoiSS3yTHH4YCI9_F3-1gAfy7hxb9NYiwjDnX8Htw\/viewform?usp=dialog\">01 &#8211; Educaci\u00f3n Especial c\/o en Ciegos y Disminuidos Visuales R. N\u00b0 536\/09<\/a><\/p>\n<p style=\"text-align: center;\"><a href=\"https:\/\/docs.google.com\/forms\/d\/e\/1FAIpQLSfjf18Z9QdHo-gqxSfaVig_St90lCM3-jI2z4UW5N4yNryFhg\/viewform?usp=dialog\">02 &#8211; ESPECIAL &#8211; Prof. de Ed Especial c\/o en discap Intelectual R N\u00b0 4273\/19<\/a><\/p>\n<p style=\"text-align: center;\"><a href=\"https:\/\/docs.google.com\/forms\/d\/e\/1FAIpQLSc5o4vmKSJr_wkxeUaRYOBRwMQ9Sv8wHM4I4fcSqUYcqvc_0w\/viewform?usp=dialog\">03 &#8211; Prof. de Educaci\u00f3n Esp c\/o en discap Intelectual R. N\u00b0 1170\/14<\/a><\/p>\n<p style=\"text-align: center;\"><a href=\"https:\/\/docs.google.com\/forms\/d\/e\/1FAIpQLScb8Xosg0Tm9eFZKOGHdYSVLlCFiQIAEw68alhOz1nxvu3L1w\/viewform?usp=dialog\">04 &#8211; Prof. de Educaci\u00f3n Especial Res N 539\/09<\/a><\/p>\n<p style=\"text-align: center;\"><a href=\"https:\/\/docs.google.com\/forms\/d\/e\/1FAIpQLScrR-HLfpteQ4ZWf_uYrnTwq5uvudLHqwcbT0nFnJJquMD3og\/viewform?usp=dialog\">05 &#8211; Prof. de Educaci\u00f3n Inicial R N\u00b0 537\/09<\/a><\/p>\n<p style=\"text-align: center;\"><a href=\"https:\/\/docs.google.com\/forms\/d\/e\/1FAIpQLSfuDD_Agieyr5ilQIaSvz1By0J6f2wM3kPnlw3G9BT9CZZ5eQ\/viewform?usp=dialog\">06 &#8211; Prof. de Educaci\u00f3n Inicial R N\u00b0 1170\/14<\/a><\/p>\n<p style=\"text-align: center;\"><a href=\"https:\/\/docs.google.com\/forms\/d\/e\/1FAIpQLSebqazdzDCmaOwPNv2VDYjaw_vl9bvGHsNBQvDCJj-tIOWovA\/viewform?usp=dialog\">07 &#8211; Prof. de Educaci\u00f3n Inicial Res N 10550<\/a><\/p>\n<p style=\"text-align: center;\"><a href=\"https:\/\/docs.google.com\/forms\/d\/e\/1FAIpQLScwMZPVyf9mYZ9docdBPnVxlyhGl-oaBGYKHZ4WXzLKFtTm4g\/viewform?usp=dialog\">08 &#8211; Tecnicatura Sup. en Relaciones Laborales R. N\u00b0 093\/15<\/a><\/p>\n<p style=\"text-align: center;\"><a href=\"https:\/\/docs.google.com\/forms\/d\/e\/1FAIpQLSdr1EdEtWLEpZN8swOkYJx8ectTAk1tfUbYHLY_v6SgwZQjHQ\/viewform?usp=dialog\">09 &#8211; Tecnicatura Superior en Gestion de Recursos Humanos Res N 8966\/18<\/a><\/p>\n<p>&nbsp;<\/p>\n<p>&nbsp;<\/p>\n<p>&nbsp;<\/p>\n<hr \/>\n<p>&nbsp;<\/p>\n<p>&nbsp;<\/p>\n<p style=\"text-align: center;\">\u00a0<\/p>\n<p>&nbsp;<\/p>\n<p><img decoding=\"async\" loading=\"lazy\" class=\"wp-image-2808 aligncenter\" src=\"https:\/\/profjardinyespecial-sal.infd.edu.ar\/sitio\/wp-content\/uploads\/2025\/12\/youtube_14198-1.png\" alt=\"\" width=\"259\" height=\"259\" srcset=\"https:\/\/profjardinyespecial-sal.infd.edu.ar\/sitio\/wp-content\/uploads\/2025\/12\/youtube_14198-1.png 512w, https:\/\/profjardinyespecial-sal.infd.edu.ar\/sitio\/wp-content\/uploads\/2025\/12\/youtube_14198-1-500x500.png 500w\" sizes=\"(max-width: 259px) 100vw, 259px\" \/><\/p>\n<p style=\"text-align: center;\"><a href=\"https:\/\/youtube.com\/shorts\/OR25onV9YDY\">Profesorado de Educaci\u00f3n Especial<\/a><\/p>\n<p style=\"text-align: center;\"><a href=\"https:\/\/youtube.com\/shorts\/L3A-UbcdYiw\">Profesorado de Educac\u00f3n Inicial<\/a><\/p>\n<p style=\"text-align: center;\"><a href=\"https:\/\/youtube.com\/shorts\/dAmAGJiaSlE\">Tecnicatura en Gestion RRHH<\/a><\/p>\n<p style=\"text-align: center;\">\u00a0<\/p>\n<p style=\"text-align: center;\">\u00a0<\/p>\n<p>&nbsp;<\/p>\n<hr \/>\n<p>&nbsp;<\/p>\n<p>&nbsp;<\/p>\n<p>&nbsp;<\/p>\n<p>&nbsp;<\/p>\n<p style=\"text-align: center;\"><span style=\"color: #999999;\"><img decoding=\"async\" loading=\"lazy\" class=\"rg_i\" style=\"margin-left: 0px; margin-right: 0px; margin-top: 0px;\" src=\"https:\/\/profjardinyespecial-sal.infd.edu.ar\/sitio\/wp-content\/uploads\/2018\/08\/1wTqPKtSegY6bimagen_incrustada1.jpg\" alt=\"Resultado de imagen para ministerio de educacion SALTA\" width=\"201\" height=\"34\" name=\"yrTZ1NdbfZG4qM:\" border=\"0\" \/><\/span><\/p>\n<p style=\"text-align: center;\"><a title=\"contadores de visitas\" href=\"https:\/\/www.contadorvisitasgratis.com\"><img decoding=\"async\" class=\"aligncenter\" title=\"contadores de visitas\" src=\"https:\/\/counter1.fcs.ovh\/private\/contadorvisitasgratis.php?c=e98e195a022af3b080f539b12d2f1c98\" alt=\"contadores de visitas\" border=\"0\" \/><\/a><\/p>\n","protected":false},"excerpt":{"rendered":"<p>&nbsp; INGRESANTES 2026 &nbsp; Inscripci\u00f3n presencialFecha: 06\/03\/2025Hora: 19:30Lugar: 20 de Febrero 131 \u2013 Salta Capital &nbsp; Los aspirantes que figuran en los listados de aprobados deben descargar, completar, imprimir y presentar la Ficha de Inscripci\u00f3n correspondiente. (Descargar: Ficha Inicial \u2013 Ficha Especial \u2013 Ficha RRHH, seg\u00fan corresponda) &nbsp; &nbsp; Documentaci\u00f3n a presentar junto con la &#8230; <a title=\"Inicio\" class=\"read-more\" href=\"https:\/\/profjardinyespecial-sal.infd.edu.ar\/sitio\/\" aria-label=\"More on Inicio\">[+]<\/a><\/p>\n","protected":false},"author":1,"featured_media":0,"parent":910,"menu_order":0,"comment_status":"closed","ping_status":"closed","template":"","meta":[],"acf":[],"_links":{"self":[{"href":"https:\/\/profjardinyespecial-sal.infd.edu.ar\/sitio\/wp-json\/wp\/v2\/pages\/286"}],"collection":[{"href":"https:\/\/profjardinyespecial-sal.infd.edu.ar\/sitio\/wp-json\/wp\/v2\/pages"}],"about":[{"href":"https:\/\/profjardinyespecial-sal.infd.edu.ar\/sitio\/wp-json\/wp\/v2\/types\/page"}],"author":[{"embeddable":true,"href":"https:\/\/profjardinyespecial-sal.infd.edu.ar\/sitio\/wp-json\/wp\/v2\/users\/1"}],"replies":[{"embeddable":true,"href":"https:\/\/profjardinyespecial-sal.infd.edu.ar\/sitio\/wp-json\/wp\/v2\/comments?post=286"}],"version-history":[{"count":1147,"href":"https:\/\/profjardinyespecial-sal.infd.edu.ar\/sitio\/wp-json\/wp\/v2\/pages\/286\/revisions"}],"predecessor-version":[{"id":2893,"href":"https:\/\/profjardinyespecial-sal.infd.edu.ar\/sitio\/wp-json\/wp\/v2\/pages\/286\/revisions\/2893"}],"up":[{"embeddable":true,"href":"https:\/\/profjardinyespecial-sal.infd.edu.ar\/sitio\/wp-json\/wp\/v2\/pages\/910"}],"wp:attachment":[{"href":"https:\/\/profjardinyespecial-sal.infd.edu.ar\/sitio\/wp-json\/wp\/v2\/media?parent=286"}],"curies":[{"name":"wp","href":"https:\/\/api.w.org\/{rel}","templated":true}]}}